{"id":401,"date":"2024-05-02T09:14:16","date_gmt":"2024-05-02T09:14:16","guid":{"rendered":"https:\/\/mentalh2o.org\/?page_id=401"},"modified":"2024-05-10T03:12:57","modified_gmt":"2024-05-10T03:12:57","slug":"start-a-chapter","status":"publish","type":"page","link":"https:\/\/mentalh2o.org\/es\/start-a-chapter\/","title":{"rendered":"Iniciar un cap\u00edtulo"},"content":{"rendered":"<div data-elementor-type=\"wp-page\" data-elementor-id=\"401\" class=\"elementor elementor-401\" data-elementor-post-type=\"page\">\n\t\t\t\t<div class=\"elementor-element elementor-element-e916ae8 e-flex e-con-boxed e-con e-parent\" data-id=\"e916ae8\" data-element_type=\"container\" data-settings=\"{&quot;background_background&quot;:&quot;classic&quot;}\">\n\t\t\t\t\t<div class=\"e-con-inner\">\n\t\t<div class=\"elementor-element elementor-element-9549699 e-con-full e-flex e-con e-child\" data-id=\"9549699\" data-element_type=\"container\">\n\t\t\t\t<\/div>\n\t\t<div class=\"elementor-element elementor-element-7f0d02d e-con-full e-flex e-con e-child\" data-id=\"7f0d02d\" data-element_type=\"container\">\n\t\t\t\t<\/div>\n\t\t\t\t\t<\/div>\n\t\t\t\t<\/div>\n\t\t<div class=\"elementor-element elementor-element-4428b74 e-flex e-con-boxed e-con e-parent\" data-id=\"4428b74\" data-element_type=\"container\">\n\t\t\t\t\t<div class=\"e-con-inner\">\n\t\t\t\t<div class=\"elementor-element elementor-element-e7efb2e elementor-widget__width-initial elementor-widget-mobile__width-inherit elementor-widget elementor-widget-text-editor\" data-id=\"e7efb2e\" data-element_type=\"widget\" data-widget_type=\"text-editor.default\">\n\t\t\t\t<div class=\"elementor-widget-container\">\n\t\t\t\t\t\t\t\t\t<p>En Mental H2O, nos dedicamos a empoderar a los j\u00f3venes para que lideren la mejora de la concienciaci\u00f3n y el apoyo en materia de salud mental en sus escuelas y comunidades. Iniciar un cap\u00edtulo de Mental H2O en su escuela puede ayudarlo a generar un impacto significativo, promover un entorno de apoyo y brindar recursos fundamentales a sus compa\u00f1eros.<\/p><p><b>Recopilar apoyo<\/b>:\u00a1Necesitar\u00e1s un equipo! Re\u00fane al menos a cinco estudiantes que est\u00e9n interesados en ser miembros fundadores.<br \/><strong>Encuentra un patrocinador:<\/strong> Identifique a un maestro o miembro del personal que pueda servir como patrocinador del cap\u00edtulo.<\/p><p><br \/><strong>Aprobaci\u00f3n de la escuela:<\/strong> Trabaje con la administraci\u00f3n de su escuela para obtener las aprobaciones necesarias para establecer un nuevo club u organizaci\u00f3n.<\/p><p><br \/><b>Registre su cap\u00edtulo:<\/b> Expresar inter\u00e9s: Complete nuestro formulario de inter\u00e9s inicial a continuaci\u00f3n para informarnos que est\u00e1 interesado en iniciar un cap\u00edtulo. Le proporcionaremos un kit de inicio que incluye pautas, materiales promocionales y acceso a recursos y a nuestro Slack.<\/p>\t\t\t\t\t\t\t\t<\/div>\n\t\t\t\t<\/div>\n\t\t\t\t\t<\/div>\n\t\t\t\t<\/div>\n\t\t<div class=\"elementor-element elementor-element-11f397f e-flex e-con-boxed e-con e-parent\" data-id=\"11f397f\" data-element_type=\"container\">\n\t\t\t\t\t<div class=\"e-con-inner\">\n\t\t<div class=\"elementor-element elementor-element-9b8c4ef e-flex e-con-boxed e-con e-child\" data-id=\"9b8c4ef\" data-element_type=\"container\" data-settings=\"{&quot;background_background&quot;:&quot;gradient&quot;}\">\n\t\t\t\t\t<div class=\"e-con-inner\">\n\t\t\t\t<div class=\"elementor-element elementor-element-9d3d068 elementor-button-align-stretch elementor-widget elementor-widget-form\" data-id=\"9d3d068\" data-element_type=\"widget\" data-settings=\"{&quot;step_next_label&quot;:&quot;Next&quot;,&quot;step_previous_label&quot;:&quot;Previous&quot;,&quot;button_width&quot;:&quot;100&quot;,&quot;step_type&quot;:&quot;number_text&quot;,&quot;step_icon_shape&quot;:&quot;circle&quot;}\" data-widget_type=\"form.default\">\n\t\t\t\t<div class=\"elementor-widget-container\">\n\t\t\t\t\t\t\t<form class=\"elementor-form\" method=\"post\" name=\"New Form\" action=\"\">\n\t\t\t<input type=\"hidden\" name=\"post_id\" value=\"401\"\/>\n\t\t\t<input type=\"hidden\" name=\"form_id\" value=\"9d3d068\"\/>\n\t\t\t<input type=\"hidden\" name=\"referer_title\" value=\"\" \/>\n\n\t\t\t\n\t\t\t<div class=\"elementor-form-fields-wrapper elementor-labels-above\">\n\t\t\t\t\t\t\t\t<div class=\"elementor-field-type-text elementor-field-group elementor-column elementor-field-group-name elementor-col-50\">\n\t\t\t\t\t\t\t\t\t\t\t\t<label for=\"form-field-name\" class=\"elementor-field-label\">\n\t\t\t\t\t\t\t\tNombre de pila\t\t\t\t\t\t\t<\/label>\n\t\t\t\t\t\t\t\t\t\t\t\t\t\t<input size=\"1\" type=\"text\" name=\"form_fields[name]\" id=\"form-field-name\" class=\"elementor-field elementor-size-md  elementor-field-textual\" placeholder=\"Nombre de pila\">\n\t\t\t\t\t\t\t\t\t\t\t<\/div>\n\t\t\t\t\t\t\t\t<div class=\"elementor-field-type-text elementor-field-group elementor-column elementor-field-group-name elementor-col-50\">\n\t\t\t\t\t\t\t\t\t\t\t\t<label for=\"form-field-name\" class=\"elementor-field-label\">\n\t\t\t\t\t\t\t\tApellido\t\t\t\t\t\t\t<\/label>\n\t\t\t\t\t\t\t\t\t\t\t\t\t\t<input size=\"1\" type=\"text\" name=\"form_fields[name]\" id=\"form-field-name\" class=\"elementor-field elementor-size-md  elementor-field-textual\" placeholder=\"Apellido\">\n\t\t\t\t\t\t\t\t\t\t\t<\/div>\n\t\t\t\t\t\t\t\t<div class=\"elementor-field-type-text elementor-field-group elementor-column elementor-field-group-field_f8d5ece elementor-col-100\">\n\t\t\t\t\t\t\t\t\t\t\t\t<label for=\"form-field-field_f8d5ece\" class=\"elementor-field-label\">\n\t\t\t\t\t\t\t\tEscuela\t\t\t\t\t\t\t<\/label>\n\t\t\t\t\t\t\t\t\t\t\t\t\t\t<input size=\"1\" type=\"text\" name=\"form_fields[field_f8d5ece]\" id=\"form-field-field_f8d5ece\" class=\"elementor-field elementor-size-md  elementor-field-textual\" placeholder=\"Escuela\">\n\t\t\t\t\t\t\t\t\t\t\t<\/div>\n\t\t\t\t\t\t\t\t<div class=\"elementor-field-type-email elementor-field-group elementor-column elementor-field-group-email elementor-col-100 elementor-field-required\">\n\t\t\t\t\t\t\t\t\t\t\t\t<label for=\"form-field-email\" class=\"elementor-field-label\">\n\t\t\t\t\t\t\t\tCorreo electr\u00f3nico\t\t\t\t\t\t\t<\/label>\n\t\t\t\t\t\t\t\t\t\t\t\t\t\t<input size=\"1\" type=\"email\" name=\"form_fields[email]\" id=\"form-field-email\" class=\"elementor-field elementor-size-md  elementor-field-textual\" placeholder=\"Correo electr\u00f3nico\" required=\"required\" aria-required=\"true\">\n\t\t\t\t\t\t\t\t\t\t\t<\/div>\n\t\t\t\t\t\t\t\t<div class=\"elementor-field-type-text elementor-field-group elementor-column elementor-field-group-field_f8d5ece elementor-col-100\">\n\t\t\t\t\t\t\t\t\t\t\t\t<label for=\"form-field-field_f8d5ece\" class=\"elementor-field-label\">\n\t\t\t\t\t\t\t\t\u00bfPor qu\u00e9 quieres empezar un cap\u00edtulo?\t\t\t\t\t\t\t<\/label>\n\t\t\t\t\t\t\t\t\t\t\t\t\t\t<input size=\"1\" type=\"text\" name=\"form_fields[field_f8d5ece]\" id=\"form-field-field_f8d5ece\" class=\"elementor-field elementor-size-md  elementor-field-textual\" placeholder=\"\u00bfPor qu\u00e9 quieres empezar un cap\u00edtulo?\">\n\t\t\t\t\t\t\t\t\t\t\t<\/div>\n\t\t\t\t\t\t\t\t<div class=\"elementor-field-type-textarea elementor-field-group elementor-column elementor-field-group-message elementor-col-100\">\n\t\t\t\t\t\t\t\t\t\t\t\t<label for=\"form-field-message\" class=\"elementor-field-label\">\n\t\t\t\t\t\t\t\t\u00bfC\u00f3mo crear\u00e1 conciencia sobre la salud mental como l\u00edder de un cap\u00edtulo?\t\t\t\t\t\t\t<\/label>\n\t\t\t\t\t\t<textarea class=\"elementor-field-textual elementor-field  elementor-size-md\" name=\"form_fields[message]\" id=\"form-field-message\" rows=\"4\" placeholder=\"\u00bfC\u00f3mo crear\u00e1 conciencia sobre la salud mental como l\u00edder de un cap\u00edtulo?\"><\/textarea>\t\t\t\t<\/div>\n\t\t\t\t\t\t\t\t<div class=\"elementor-field-group elementor-column elementor-field-type-submit elementor-col-100 e-form__buttons\">\n\t\t\t\t\t<button class=\"elementor-button elementor-size-md\" type=\"submit\">\n\t\t\t\t\t\t<span class=\"elementor-button-content-wrapper\">\n\t\t\t\t\t\t\t\t\t\t\t\t\t\t\t\t\t\t\t\t\t\t<span class=\"elementor-button-text\">ENTREGAR<\/span>\n\t\t\t\t\t\t\t\t\t\t\t\t\t<\/span>\n\t\t\t\t\t<\/button>\n\t\t\t\t<\/div>\n\t\t\t<\/div>\n\t\t<input type=\"hidden\" name=\"trp-form-language\" value=\"es\"\/><\/form>\n\t\t\t\t\t\t<\/div>\n\t\t\t\t<\/div>\n\t\t\t\t\t<\/div>\n\t\t\t\t<\/div>\n\t\t\t\t\t<\/div>\n\t\t\t\t<\/div>\n\t\t\t\t<\/div>","protected":false},"excerpt":{"rendered":"<p>At Mental H2O, we are dedicated to empowering youth to lead in improving mental health awareness and support in their schools and communities. Starting a Mental H2O chapter at your school can help you make a significant impact, promote a supportive environment, and provide critical resources to your peers. Gather Support: You&#8217;ll need a team! [&hellip;]<\/p>","protected":false},"author":1,"featured_media":0,"parent":0,"menu_order":0,"comment_status":"closed","ping_status":"closed","template":"elementor_header_footer","meta":{"om_disable_all_campaigns":false,"_monsterinsights_skip_tracking":false,"_monsterinsights_sitenote_active":false,"_monsterinsights_sitenote_note":"","_monsterinsights_sitenote_category":0,"_uf_show_specific_survey":0,"_uf_disable_surveys":false,"footnotes":""},"class_list":["post-401","page","type-page","status-publish","hentry"],"aioseo_notices":[],"jetpack_sharing_enabled":true,"_links":{"self":[{"href":"https:\/\/mentalh2o.org\/es\/wp-json\/wp\/v2\/pages\/401","targetHints":{"allow":["GET"]}}],"collection":[{"href":"https:\/\/mentalh2o.org\/es\/wp-json\/wp\/v2\/pages"}],"about":[{"href":"https:\/\/mentalh2o.org\/es\/wp-json\/wp\/v2\/types\/page"}],"author":[{"embeddable":true,"href":"https:\/\/mentalh2o.org\/es\/wp-json\/wp\/v2\/users\/1"}],"replies":[{"embeddable":true,"href":"https:\/\/mentalh2o.org\/es\/wp-json\/wp\/v2\/comments?post=401"}],"version-history":[{"count":58,"href":"https:\/\/mentalh2o.org\/es\/wp-json\/wp\/v2\/pages\/401\/revisions"}],"predecessor-version":[{"id":2067,"href":"https:\/\/mentalh2o.org\/es\/wp-json\/wp\/v2\/pages\/401\/revisions\/2067"}],"wp:attachment":[{"href":"https:\/\/mentalh2o.org\/es\/wp-json\/wp\/v2\/media?parent=401"}],"curies":[{"name":"wp","href":"https:\/\/api.w.org\/{rel}","templated":true}]}}